{"id":101,"date":"2024-09-13T11:51:25","date_gmt":"2024-09-13T09:51:25","guid":{"rendered":"http:\/\/erhard-goettlicher.de\/?page_id=101"},"modified":"2024-10-16T16:59:18","modified_gmt":"2024-10-16T14:59:18","slug":"galerie-2","status":"publish","type":"page","link":"http:\/\/erhard-goettlicher.de\/index.php\/galerie-2\/","title":{"rendered":"Galerie 2"},"content":{"rendered":"\n<figure class=\"wp-block-image size-large\"><img loading=\"lazy\" decoding=\"async\" width=\"1024\" height=\"732\" src=\"http:\/\/erhard-goettlicher.de\/wp-content\/uploads\/2024\/09\/wiese-1024x732.jpg\" alt=\"\" class=\"wp-image-106\" srcset=\"http:\/\/erhard-goettlicher.de\/wp-content\/uploads\/2024\/09\/wiese-1024x732.jpg 1024w, http:\/\/erhard-goettlicher.de\/wp-content\/uploads\/2024\/09\/wiese-300x214.jpg 300w, http:\/\/erhard-goettlicher.de\/wp-content\/uploads\/2024\/09\/wiese-768x549.jpg 768w, http:\/\/erhard-goettlicher.de\/wp-content\/uploads\/2024\/09\/wiese-1536x1097.jpg 1536w, http:\/\/erhard-goettlicher.de\/wp-content\/uploads\/2024\/09\/wiese-2048x1463.jpg 2048w\" sizes=\"auto, (max-width: 1024px) 100vw, 1024px\" \/><figcaption class=\"wp-element-caption\">Fr\u00fchst\u00fcck im Gr\u00fcnen, &#8222;Akt im \u00c9lys\u00e9e&#8220; 2014, 73 x 102 Acryl Graphit auf Karton<\/figcaption><\/figure>\n\n\n\n<figure class=\"wp-block-image size-large\"><img loading=\"lazy\" decoding=\"async\" width=\"793\" height=\"1024\" src=\"http:\/\/erhard-goettlicher.de\/wp-content\/uploads\/2024\/09\/hitler-vorhang-goettlicher-793x1024.jpg\" alt=\"\" class=\"wp-image-107\" srcset=\"http:\/\/erhard-goettlicher.de\/wp-content\/uploads\/2024\/09\/hitler-vorhang-goettlicher-793x1024.jpg 793w, http:\/\/erhard-goettlicher.de\/wp-content\/uploads\/2024\/09\/hitler-vorhang-goettlicher-232x300.jpg 232w, http:\/\/erhard-goettlicher.de\/wp-content\/uploads\/2024\/09\/hitler-vorhang-goettlicher-768x992.jpg 768w, http:\/\/erhard-goettlicher.de\/wp-content\/uploads\/2024\/09\/hitler-vorhang-goettlicher-1190x1536.jpg 1190w, http:\/\/erhard-goettlicher.de\/wp-content\/uploads\/2024\/09\/hitler-vorhang-goettlicher-1586x2048.jpg 1586w, http:\/\/erhard-goettlicher.de\/wp-content\/uploads\/2024\/09\/hitler-vorhang-goettlicher-scaled.jpg 1983w\" sizes=\"auto, (max-width: 793px) 100vw, 793px\" \/><figcaption class=\"wp-element-caption\">Schwarz-Rot-Gold, Titelentwurf Stern, 1994, 73 x 60<\/figcaption><\/figure>\n\n\n\n<figure class=\"wp-block-image size-large\"><img loading=\"lazy\" decoding=\"async\" width=\"1024\" height=\"767\" src=\"http:\/\/erhard-goettlicher.de\/wp-content\/uploads\/2024\/09\/erhard-01-1024x767.jpg\" alt=\"\" class=\"wp-image-115\" srcset=\"http:\/\/erhard-goettlicher.de\/wp-content\/uploads\/2024\/09\/erhard-01-1024x767.jpg 1024w, http:\/\/erhard-goettlicher.de\/wp-content\/uploads\/2024\/09\/erhard-01-300x225.jpg 300w, http:\/\/erhard-goettlicher.de\/wp-content\/uploads\/2024\/09\/erhard-01-768x575.jpg 768w, http:\/\/erhard-goettlicher.de\/wp-content\/uploads\/2024\/09\/erhard-01-1536x1150.jpg 1536w, http:\/\/erhard-goettlicher.de\/wp-content\/uploads\/2024\/09\/erhard-01-2048x1533.jpg 2048w\" sizes=\"auto, (max-width: 1024px) 100vw, 1024px\" \/><figcaption class=\"wp-element-caption\">Einfache Genie\u00dfer in St. Tropez, 2019<\/figcaption><\/figure>\n\n\n\n<figure class=\"wp-block-image size-large\"><img loading=\"lazy\" decoding=\"async\" width=\"709\" height=\"1024\" src=\"http:\/\/erhard-goettlicher.de\/wp-content\/uploads\/2024\/09\/Akt-mit-Hand-709x1024.jpg\" alt=\"\" class=\"wp-image-103\" srcset=\"http:\/\/erhard-goettlicher.de\/wp-content\/uploads\/2024\/09\/Akt-mit-Hand-709x1024.jpg 709w, http:\/\/erhard-goettlicher.de\/wp-content\/uploads\/2024\/09\/Akt-mit-Hand-208x300.jpg 208w, http:\/\/erhard-goettlicher.de\/wp-content\/uploads\/2024\/09\/Akt-mit-Hand-768x1109.jpg 768w, http:\/\/erhard-goettlicher.de\/wp-content\/uploads\/2024\/09\/Akt-mit-Hand-1064x1536.jpg 1064w, http:\/\/erhard-goettlicher.de\/wp-content\/uploads\/2024\/09\/Akt-mit-Hand-1418x2048.jpg 1418w, http:\/\/erhard-goettlicher.de\/wp-content\/uploads\/2024\/09\/Akt-mit-Hand-scaled.jpg 1773w\" sizes=\"auto, (max-width: 709px) 100vw, 709px\" \/><figcaption class=\"wp-element-caption\">Rosanna an meinem Zeichentisch, 2011, Bleistift, Tusche<\/figcaption><\/figure>\n\n\n\n<figure class=\"wp-block-image size-large\"><img loading=\"lazy\" decoding=\"async\" width=\"1024\" height=\"694\" src=\"http:\/\/erhard-goettlicher.de\/wp-content\/uploads\/2024\/09\/erhard-02-frankreich-02-1024x694.jpeg\" alt=\"\" class=\"wp-image-104\" srcset=\"http:\/\/erhard-goettlicher.de\/wp-content\/uploads\/2024\/09\/erhard-02-frankreich-02-1024x694.jpeg 1024w, http:\/\/erhard-goettlicher.de\/wp-content\/uploads\/2024\/09\/erhard-02-frankreich-02-300x203.jpeg 300w, http:\/\/erhard-goettlicher.de\/wp-content\/uploads\/2024\/09\/erhard-02-frankreich-02-768x521.jpeg 768w, http:\/\/erhard-goettlicher.de\/wp-content\/uploads\/2024\/09\/erhard-02-frankreich-02-1536x1041.jpeg 1536w, http:\/\/erhard-goettlicher.de\/wp-content\/uploads\/2024\/09\/erhard-02-frankreich-02-2048x1389.jpeg 2048w\" sizes=\"auto, (max-width: 1024px) 100vw, 1024px\" \/><figcaption class=\"wp-element-caption\">Fischauktionshalle in St. Tropez, 2023, Triptychon 180 x 280<\/figcaption><\/figure>\n\n\n\n<figure class=\"wp-block-image size-large\"><img loading=\"lazy\" decoding=\"async\" width=\"1024\" height=\"724\" src=\"http:\/\/erhard-goettlicher.de\/wp-content\/uploads\/2024\/09\/liegende-bett-1024x724.jpg\" alt=\"\" class=\"wp-image-114\" srcset=\"http:\/\/erhard-goettlicher.de\/wp-content\/uploads\/2024\/09\/liegende-bett-1024x724.jpg 1024w, http:\/\/erhard-goettlicher.de\/wp-content\/uploads\/2024\/09\/liegende-bett-300x212.jpg 300w, http:\/\/erhard-goettlicher.de\/wp-content\/uploads\/2024\/09\/liegende-bett-768x543.jpg 768w, http:\/\/erhard-goettlicher.de\/wp-content\/uploads\/2024\/09\/liegende-bett-1536x1086.jpg 1536w, http:\/\/erhard-goettlicher.de\/wp-content\/uploads\/2024\/09\/liegende-bett-2048x1448.jpg 2048w\" sizes=\"auto, (max-width: 1024px) 100vw, 1024px\" \/><figcaption class=\"wp-element-caption\">Marlies, 2013,  Acryl Graphit auf Karton, 70 x 100<\/figcaption><\/figure>\n","protected":false},"excerpt":{"rendered":"","protected":false},"author":1,"featured_media":0,"parent":0,"menu_order":0,"comment_status":"closed","ping_status":"closed","template":"","meta":{"footnotes":""},"class_list":["post-101","page","type-page","status-publish","hentry"],"_links":{"self":[{"href":"http:\/\/erhard-goettlicher.de\/index.php\/wp-json\/wp\/v2\/pages\/101","targetHints":{"allow":["GET"]}}],"collection":[{"href":"http:\/\/erhard-goettlicher.de\/index.php\/wp-json\/wp\/v2\/pages"}],"about":[{"href":"http:\/\/erhard-goettlicher.de\/index.php\/wp-json\/wp\/v2\/types\/page"}],"author":[{"embeddable":true,"href":"http:\/\/erhard-goettlicher.de\/index.php\/wp-json\/wp\/v2\/users\/1"}],"replies":[{"embeddable":true,"href":"http:\/\/erhard-goettlicher.de\/index.php\/wp-json\/wp\/v2\/comments?post=101"}],"version-history":[{"count":10,"href":"http:\/\/erhard-goettlicher.de\/index.php\/wp-json\/wp\/v2\/pages\/101\/revisions"}],"predecessor-version":[{"id":132,"href":"http:\/\/erhard-goettlicher.de\/index.php\/wp-json\/wp\/v2\/pages\/101\/revisions\/132"}],"wp:attachment":[{"href":"http:\/\/erhard-goettlicher.de\/index.php\/wp-json\/wp\/v2\/media?parent=101"}],"curies":[{"name":"wp","href":"https:\/\/api.w.org\/{rel}","templated":true}]}}